{"id":39,"date":"2014-12-10T17:22:14","date_gmt":"2014-12-10T17:22:14","guid":{"rendered":"http:\/\/rvgermania05ronshausen.de\/wordpress\/?page_id=39"},"modified":"2016-02-23T20:16:15","modified_gmt":"2016-02-23T20:16:15","slug":"radwandern","status":"publish","type":"page","link":"https:\/\/www.rvgermania05ronshausen.de\/wordpress\/abteilungen\/radwandern","title":{"rendered":"Radwandern"},"content":{"rendered":"<p>Vereinsmitglieder,\u00a0Freunde und Besucher sind eingeladen, uns bei den regelm\u00e4\u00dfig stattfindenen Radwander-Touren zu begleiten. Von Mai bis Oktober fahren wir jeden 1. Sonntag im Monat am Vereinslokal &#8222;Zur Krone&#8220; los.<\/p>\n<p align=\"left\">Unsere Touren sind vom gemeinsamen Erleben von Natur und Kultur gepr\u00e4gt. Ein gem\u00e4\u00dfigtes Tempo von ca. 18 km\/h und regelm\u00e4\u00dfige Pausen mit Selbstversorgung oder Gastst\u00e4ttenbesuchen machen uns zu Genu\u00dfradlern. Die Strecke wird erlebt und nicht nur als sch\u00f6ne Kulisse f\u00fcr sportliche Leistung wahrgenommen. Die Touren bieten Entspannung und Geselligkeit auf durchschnittlich 25-30 km Tourenl\u00e4nge.<\/p>\n<p>&nbsp;<\/p>\n<p><a href=\"http:\/\/rvgermania05ronshausen.de\/wordpress\/wp-content\/uploads\/2014\/12\/P8190040.jpg\" rel=\"attachment wp-att-211\"><img loading=\"lazy\" decoding=\"async\" class=\"size-medium wp-image-211\" src=\"http:\/\/rvgermania05ronshausen.de\/wordpress\/wp-content\/uploads\/2014\/12\/P8190040-300x225.jpg\" alt=\"OLYMPUS DIGITAL CAMERA\" width=\"300\" height=\"225\" srcset=\"https:\/\/www.rvgermania05ronshausen.de\/wordpress\/wp-content\/uploads\/2014\/12\/P8190040-300x225.jpg 300w, https:\/\/www.rvgermania05ronshausen.de\/wordpress\/wp-content\/uploads\/2014\/12\/P8190040-768x576.jpg 768w, https:\/\/www.rvgermania05ronshausen.de\/wordpress\/wp-content\/uploads\/2014\/12\/P8190040-1024x768.jpg 1024w, https:\/\/www.rvgermania05ronshausen.de\/wordpress\/wp-content\/uploads\/2014\/12\/P8190040-541x406.jpg 541w\" sizes=\"auto, (max-width: 300px) 100vw, 300px\" \/><\/a><\/p>\n<p><a href=\"http:\/\/rvgermania05ronshausen.de\/wordpress\/wp-content\/uploads\/2014\/12\/082.jpg\" rel=\"attachment wp-att-209\"><img loading=\"lazy\" decoding=\"async\" class=\"size-medium wp-image-209\" src=\"http:\/\/rvgermania05ronshausen.de\/wordpress\/wp-content\/uploads\/2014\/12\/082-300x225.jpg\" alt=\"D:DCIM100DICAMDSCI0088.JPG\" width=\"300\" height=\"225\" srcset=\"https:\/\/www.rvgermania05ronshausen.de\/wordpress\/wp-content\/uploads\/2014\/12\/082-300x225.jpg 300w, https:\/\/www.rvgermania05ronshausen.de\/wordpress\/wp-content\/uploads\/2014\/12\/082-768x576.jpg 768w, https:\/\/www.rvgermania05ronshausen.de\/wordpress\/wp-content\/uploads\/2014\/12\/082-1024x768.jpg 1024w, https:\/\/www.rvgermania05ronshausen.de\/wordpress\/wp-content\/uploads\/2014\/12\/082-541x406.jpg 541w\" sizes=\"auto, (max-width: 300px) 100vw, 300px\" \/><\/a><\/p>\n<p>&nbsp;<\/p>\n<p align=\"left\">\n","protected":false},"excerpt":{"rendered":"<p>Vereinsmitglieder,\u00a0Freunde und Besucher sind eingeladen, uns bei den regelm\u00e4\u00dfig stattfindenen Radwander-Touren zu begleiten. Von Mai bis Oktober fahren wir jeden 1. Sonntag im Monat am Vereinslokal &#8222;Zur Krone&#8220; los. Unsere Touren sind vom gemeinsamen Erleben von Natur und Kultur gepr\u00e4gt. Ein gem\u00e4\u00dfigtes Tempo von ca. 18 km\/h und regelm\u00e4\u00dfige Pausen mit Selbstversorgung oder Gastst\u00e4ttenbesuchen machen [&hellip;]<\/p>\n","protected":false},"author":9,"featured_media":0,"parent":25,"menu_order":2,"comment_status":"closed","ping_status":"closed","template":"","meta":{"footnotes":""},"class_list":["post-39","page","type-page","status-publish","hentry"],"_links":{"self":[{"href":"https:\/\/www.rvgermania05ronshausen.de\/wordpress\/wp-json\/wp\/v2\/pages\/39","targetHints":{"allow":["GET"]}}],"collection":[{"href":"https:\/\/www.rvgermania05ronshausen.de\/wordpress\/wp-json\/wp\/v2\/pages"}],"about":[{"href":"https:\/\/www.rvgermania05ronshausen.de\/wordpress\/wp-json\/wp\/v2\/types\/page"}],"author":[{"embeddable":true,"href":"https:\/\/www.rvgermania05ronshausen.de\/wordpress\/wp-json\/wp\/v2\/users\/9"}],"replies":[{"embeddable":true,"href":"https:\/\/www.rvgermania05ronshausen.de\/wordpress\/wp-json\/wp\/v2\/comments?post=39"}],"version-history":[{"count":4,"href":"https:\/\/www.rvgermania05ronshausen.de\/wordpress\/wp-json\/wp\/v2\/pages\/39\/revisions"}],"predecessor-version":[{"id":212,"href":"https:\/\/www.rvgermania05ronshausen.de\/wordpress\/wp-json\/wp\/v2\/pages\/39\/revisions\/212"}],"up":[{"embeddable":true,"href":"https:\/\/www.rvgermania05ronshausen.de\/wordpress\/wp-json\/wp\/v2\/pages\/25"}],"wp:attachment":[{"href":"https:\/\/www.rvgermania05ronshausen.de\/wordpress\/wp-json\/wp\/v2\/media?parent=39"}],"curies":[{"name":"wp","href":"https:\/\/api.w.org\/{rel}","templated":true}]}}