{"id":29,"date":"2014-12-10T17:20:44","date_gmt":"2014-12-10T17:20:44","guid":{"rendered":"http:\/\/rvgermania05ronshausen.de\/wordpress\/?page_id=29"},"modified":"2017-05-31T12:49:00","modified_gmt":"2017-05-31T12:49:00","slug":"gaestebuch","status":"publish","type":"page","link":"https:\/\/www.rvgermania05ronshausen.de\/wordpress\/gaestebuch","title":{"rendered":"G\u00e4stebuch"},"content":{"rendered":"<div class=\"gwolle-gb\"><div class=\"gwolle-gb-messages-top-container\"><\/div>\n\t\t\t<div class=\"gwolle-gb-write-button\">\n\t\t\t\t<input type=\"button\" name=\"gwolle-gb-write-button\" class=\"button btn btn-default \" value=\"Neuen Eintrag schreiben\" aria-expanded=\"false\" \/>\n\t\t\t<\/div>\n\t\t\t<form action=\"#\" method=\"POST\" class=\"gwolle-gb-write gwolle-gb-hide gwolle-gb-float gwolle-gb-form-ajax gwolle-gb-ajax gwolle-gb-not-logged-in\">\n\t\t\t\t<h3>Einen neuen Eintrag f\u00fcr das G\u00e4stebuch schreiben<\/h3>\n\t\t\t\t<button type=\"button\" class=\"gb-notice-dismiss\">x<span class=\"screen-reader-text\">Dieses Formular ausblenden<\/span><\/button>\n\t\t\t\n\t\t\t\t<input type=\"hidden\" name=\"gwolle_gb_function\" class=\"gwolle_gb_function\" value=\"add_entry\" \/><input type=\"hidden\" name=\"gwolle_gb_book_id\" class=\"gwolle_gb_book_id\" value=\"1\" \/><div class=\"gwolle_gb_05c63f373472e8a75a2dd019c5430d0f\">\n\t\t\t\t<div class=\"label\"><label for=\"gwolle_gb_05c63f373472e8a75a2dd019c5430d0f-1\" class=\"text-info\">Name <span class=\"required\">*<\/span><\/label><\/div>\n\t\t\t\t<div class=\"input\"><input class=\"wp-exclude-emoji gwolle_gb_05c63f373472e8a75a2dd019c5430d0f\" value=\"\" type=\"text\" id=\"gwolle_gb_05c63f373472e8a75a2dd019c5430d0f-1\" name=\"gwolle_gb_05c63f373472e8a75a2dd019c5430d0f\" required \/><\/div>\n\t\t\t\t<div class=\"clearBoth\">&nbsp;<\/div>\n\t\t\t<\/div><div class=\"gwolle_gb_a075dc4d3a7dba7c8b478c738cf7a1ae\">\n\t\t\t\t\t<div class=\"label\"><label for=\"gwolle_gb_a075dc4d3a7dba7c8b478c738cf7a1ae-1\" class=\"text-info\">Stadt<\/label><\/div>\n\t\t\t\t\t<div class=\"input\"><input class=\"wp-exclude-emoji gwolle_gb_a075dc4d3a7dba7c8b478c738cf7a1ae\" value=\"\" type=\"text\" id=\"gwolle_gb_a075dc4d3a7dba7c8b478c738cf7a1ae-1\" name=\"gwolle_gb_a075dc4d3a7dba7c8b478c738cf7a1ae\" \/><\/div>\n\t\t\t\t\t<div class=\"clearBoth\">&nbsp;<\/div>\n\t\t\t\t<\/div><div class=\"gwolle_gb_57d01e78afc344c1045b22229a0c9b0d\">\n\t\t\t\t<div class=\"label\"><label for=\"gwolle_gb_57d01e78afc344c1045b22229a0c9b0d-1\" class=\"text-info\">E-Mail <span class=\"required\">*<\/span><\/label><\/div>\n\t\t\t\t<div class=\"input\"><input class=\"gwolle_gb_57d01e78afc344c1045b22229a0c9b0d\" value=\"\" type=\"email\" id=\"gwolle_gb_57d01e78afc344c1045b22229a0c9b0d-1\" name=\"gwolle_gb_57d01e78afc344c1045b22229a0c9b0d\" required \/><\/div>\n\t\t\t\t<div class=\"clearBoth\">&nbsp;<\/div>\n\t\t\t<\/div><div class=\"gwolle_gb_8395c03a3d860838690d58aeac1d723b\">\n\t\t\t\t<div class=\"label\"><label for=\"gwolle_gb_8395c03a3d860838690d58aeac1d723b-1\" class=\"text-info\">Website<\/label><\/div>\n\t\t\t\t<div class=\"input\"><input class=\"gwolle_gb_8395c03a3d860838690d58aeac1d723b\" value=\"\" type=\"url\" id=\"gwolle_gb_8395c03a3d860838690d58aeac1d723b-1\" name=\"gwolle_gb_8395c03a3d860838690d58aeac1d723b\" \/><\/div>\n\t\t\t\t<div class=\"clearBoth\">&nbsp;<\/div>\n\t\t\t<\/div>\n\t\t\t<div class=\"gwolle_gb_3bc5118c1345db41f7fc732fdcdeba6b\" style=\"display:none;overflow:hidden;\" hidden=\"true\" aria-hidden=\"true\">\n\t\t\t\t<div class=\"label\">\n\t\t\t\t\t<label for=\"gwolle_gb_3bc5118c1345db41f7fc732fdcdeba6b-1\" class=\"text-primary\">Hier nichts eingeben<\/label>\n\t\t\t\t\t<label for=\"gwolle_gb_1d7e8e2b206103e9f55e07808d98d3bc-1\" class=\"text-primary\">Hier nichts eingeben<\/label>\n\t\t\t\t<\/div>\n\t\t\t\t<div class=\"input\">\n\t\t\t\t\t<input value=\"75\" type=\"text\" id=\"gwolle_gb_3bc5118c1345db41f7fc732fdcdeba6b-1\" name=\"gwolle_gb_3bc5118c1345db41f7fc732fdcdeba6b\" class=\"gwolle_gb_3bc5118c1345db41f7fc732fdcdeba6b\" style=\"transform: translateY(10000px);\" \/>\n\t\t\t\t\t<input value=\"\" type=\"text\" name=\"gwolle_gb_1d7e8e2b206103e9f55e07808d98d3bc\" id=\"gwolle_gb_1d7e8e2b206103e9f55e07808d98d3bc-1\" class=\"gwolle_gb_1d7e8e2b206103e9f55e07808d98d3bc\" style=\"transform: translateY(10000px);\" \/>\n\t\t\t\t<\/div>\n\t\t\t\t<div class=\"clearBoth\"><\/div>\n\t\t\t<\/div>\n\t\t\t<div class=\"gwolle_gb_24ae42c469c45b71e15b38233f34da8b\" style=\"display:none;overflow:hidden;\" hidden=\"true\" aria-hidden=\"true\">\n\t\t\t\t<div class=\"label\">\n\t\t\t\t\t<label for=\"gwolle_gb_24ae42c469c45b71e15b38233f34da8b-1\" class=\"text-primary\">Hier nichts eingeben<\/label>\n\t\t\t\t\t<label for=\"gwolle_gb_270f99b0f610e8fd7c82f5f4878c695b-1\" class=\"text-primary\">Hier nichts eingeben<\/label>\n\t\t\t\t<\/div>\n\t\t\t\t<div class=\"input\">\n\t\t\t\t\t<input value=\"73238\" type=\"text\" id=\"gwolle_gb_24ae42c469c45b71e15b38233f34da8b-1\" name=\"gwolle_gb_24ae42c469c45b71e15b38233f34da8b\" class=\"gwolle_gb_24ae42c469c45b71e15b38233f34da8b\" style=\"transform: translateY(10000px);\" \/>\n\t\t\t\t\t<input value=\"73238\" type=\"text\"id=\"gwolle_gb_270f99b0f610e8fd7c82f5f4878c695b-1\" name=\"gwolle_gb_270f99b0f610e8fd7c82f5f4878c695b\" class=\"gwolle_gb_270f99b0f610e8fd7c82f5f4878c695b\" style=\"transform: translateY(10000px);\" \/>\n\t\t\t\t<\/div>\n\t\t\t\t<div class=\"clearBoth\"><\/div>\n\t\t\t<\/div><div class=\"gwolle_gb_content\">\n\t\t\t\t<div class=\"label\"><label for=\"gwolle_gb_content-1\" class=\"text-info\">G\u00e4stebucheintrag <span class=\"required\">*<\/span><\/label><\/div>\n\t\t\t\t<div class=\"input\"><textarea id=\"gwolle_gb_content-1\" name=\"gwolle_gb_content\" class=\"gwolle_gb_content wp-exclude-emoji\" required ><\/textarea><\/div>\n\t\t\t\t\t<div class=\"clearBoth\">&nbsp;<\/div>\n\t\t\t\t<\/div><input type=\"hidden\" class=\"gwolle_gb_74db61ef7a610ba33fb6dbce31696d1b\" id=\"gwolle_gb_74db61ef7a610ba33fb6dbce31696d1b-1\" name=\"gwolle_gb_74db61ef7a610ba33fb6dbce31696d1b\" value=\"712a62a912\" \/>\n\t\t\t<div class=\"gwolle-gb-messages-bottom-container\"><\/div>\n\n\t\t\t<noscript><div class=\"no-js\">Warnung: Dieses Formular kann nur verwendet werden, wenn in deinem Browser JavaScript aktiviert ist.<\/div><\/noscript>\n\n\t\t\t<div class=\"gwolle_gb_submit gwolle-gb-submit\">\n\t\t\t\t<div class=\"label gwolle-gb-invisible text-muted\">&nbsp;<\/div>\n\t\t\t\t<div class=\"input\">\n\t\t\t\t\t<input type=\"submit\" name=\"gwolle_gb_submit\" class=\"gwolle_gb_submit button btn btn-primary \" value=\"Absenden\" \/>\n\t\t\t\t\t<span class=\"gwolle_gb_submit_ajax_icon gwolle-gb-submit-ajax-icon\"><\/span>\n\t\t\t\n\t\t\t\t<\/div>\n\t\t\t\t<div class=\"clearBoth\">&nbsp;<\/div>\n\t\t\t<\/div>\n\n\t\t\t<div class=\"gwolle_gb_notice gwolle-gb-notice\">\n\t\t\t\tMit * gekennzeichnete Felder sind Pflichtfelder.<br \/>\r\nDie E-Mail-Adresse wird nicht ver\u00f6ffentlicht.<br \/>\r\nAus Sicherheitsgr\u00fcnden speichern wir die IP-Adresse 216.73.216.221.<br \/>\r\nEs k\u00f6nnte sein, dass der Eintrag im G\u00e4stebuch erst sichtbar ist, nachdem wir ihn gepr\u00fcft haben.<br \/>\r\nWir behalten uns das Recht vor, Eintr\u00e4ge zu bearbeiten, zu l\u00f6schen oder Eintr\u00e4ge nicht zu ver\u00f6ffentlichen.\n\t\t\t<\/div><\/form><div class=\"gwolle-gb-read gwolle-gb-ajax gwolle-gb-entries-list\" data-book_id=\"1\">(Noch keine Eintr\u00e4ge)<\/div><\/div>\n","protected":false},"excerpt":{"rendered":"","protected":false},"author":9,"featured_media":0,"parent":0,"menu_order":0,"comment_status":"open","ping_status":"closed","template":"","meta":{"footnotes":""},"class_list":["post-29","page","type-page","status-publish","hentry"],"_links":{"self":[{"href":"https:\/\/www.rvgermania05ronshausen.de\/wordpress\/wp-json\/wp\/v2\/pages\/29","targetHints":{"allow":["GET"]}}],"collection":[{"href":"https:\/\/www.rvgermania05ronshausen.de\/wordpress\/wp-json\/wp\/v2\/pages"}],"about":[{"href":"https:\/\/www.rvgermania05ronshausen.de\/wordpress\/wp-json\/wp\/v2\/types\/page"}],"author":[{"embeddable":true,"href":"https:\/\/www.rvgermania05ronshausen.de\/wordpress\/wp-json\/wp\/v2\/users\/9"}],"replies":[{"embeddable":true,"href":"https:\/\/www.rvgermania05ronshausen.de\/wordpress\/wp-json\/wp\/v2\/comments?post=29"}],"version-history":[{"count":3,"href":"https:\/\/www.rvgermania05ronshausen.de\/wordpress\/wp-json\/wp\/v2\/pages\/29\/revisions"}],"predecessor-version":[{"id":408,"href":"https:\/\/www.rvgermania05ronshausen.de\/wordpress\/wp-json\/wp\/v2\/pages\/29\/revisions\/408"}],"wp:attachment":[{"href":"https:\/\/www.rvgermania05ronshausen.de\/wordpress\/wp-json\/wp\/v2\/media?parent=29"}],"curies":[{"name":"wp","href":"https:\/\/api.w.org\/{rel}","templated":true}]}}