{"id":267,"date":"2016-05-16T09:34:53","date_gmt":"2016-05-16T09:34:53","guid":{"rendered":"http:\/\/rvgermania05ronshausen.de\/wordpress\/?page_id=267"},"modified":"2025-02-19T15:34:36","modified_gmt":"2025-02-19T15:34:36","slug":"termine-kunstrad","status":"publish","type":"page","link":"https:\/\/www.rvgermania05ronshausen.de\/wordpress\/kunstradfahren\/termine-kunstrad","title":{"rendered":"Termine"},"content":{"rendered":"\n<p><s>08.02.2025 Kreismeisterschaften<\/s><br>16.03.2025  Hessenmeisterschaft in M\u00f6rfelden (Jugend)<br>22.03.2025  1. D-Kader-Sichtung in Ernsthausen<br>06.04.2025  2. D-Kader-Sichtung in K\u00fcnzell<br>11.05.2025  3. D-Kader-Sichtung in Verbindung mit Oberhessenpokal in Hungen<br>25.05.2025  Hessenmeisterschaft Sch\u00fcler in Krofdorf<br>17.\/18.05.2025  DM Junioren in Amorbach<br>14.\/15.06.2025 DM Sch\u00fcler in Wiesbaden.<\/p>\n","protected":false},"excerpt":{"rendered":"<p>08.02.2025 Kreismeisterschaften16.03.2025 Hessenmeisterschaft in M\u00f6rfelden (Jugend)22.03.2025 1. D-Kader-Sichtung in Ernsthausen06.04.2025 2. D-Kader-Sichtung in K\u00fcnzell11.05.2025 3. D-Kader-Sichtung in Verbindung mit Oberhessenpokal in Hungen25.05.2025 Hessenmeisterschaft Sch\u00fcler in Krofdorf17.\/18.05.2025 DM Junioren in Amorbach14.\/15.06.2025 DM Sch\u00fcler in Wiesbaden.<\/p>\n","protected":false},"author":4,"featured_media":0,"parent":33,"menu_order":0,"comment_status":"closed","ping_status":"closed","template":"","meta":{"footnotes":""},"class_list":["post-267","page","type-page","status-publish","hentry"],"_links":{"self":[{"href":"https:\/\/www.rvgermania05ronshausen.de\/wordpress\/wp-json\/wp\/v2\/pages\/267","targetHints":{"allow":["GET"]}}],"collection":[{"href":"https:\/\/www.rvgermania05ronshausen.de\/wordpress\/wp-json\/wp\/v2\/pages"}],"about":[{"href":"https:\/\/www.rvgermania05ronshausen.de\/wordpress\/wp-json\/wp\/v2\/types\/page"}],"author":[{"embeddable":true,"href":"https:\/\/www.rvgermania05ronshausen.de\/wordpress\/wp-json\/wp\/v2\/users\/4"}],"replies":[{"embeddable":true,"href":"https:\/\/www.rvgermania05ronshausen.de\/wordpress\/wp-json\/wp\/v2\/comments?post=267"}],"version-history":[{"count":55,"href":"https:\/\/www.rvgermania05ronshausen.de\/wordpress\/wp-json\/wp\/v2\/pages\/267\/revisions"}],"predecessor-version":[{"id":1212,"href":"https:\/\/www.rvgermania05ronshausen.de\/wordpress\/wp-json\/wp\/v2\/pages\/267\/revisions\/1212"}],"up":[{"embeddable":true,"href":"https:\/\/www.rvgermania05ronshausen.de\/wordpress\/wp-json\/wp\/v2\/pages\/33"}],"wp:attachment":[{"href":"https:\/\/www.rvgermania05ronshausen.de\/wordpress\/wp-json\/wp\/v2\/media?parent=267"}],"curies":[{"name":"wp","href":"https:\/\/api.w.org\/{rel}","templated":true}]}}